{"id":55,"date":"2017-06-08T10:36:37","date_gmt":"2017-06-08T10:36:37","guid":{"rendered":"http:\/\/www.clubcampomar.com\/?page_id=55"},"modified":"2017-10-16T07:12:05","modified_gmt":"2017-10-16T07:12:05","slug":"aviso-legal","status":"publish","type":"page","link":"https:\/\/www.clubcampomar.com\/index.php\/aviso-legal\/","title":{"rendered":"Aviso Legal"},"content":{"rendered":"<p>[et_pb_section bb_built=\u00bb1&#8243; admin_label=\u00bbsection\u00bb][et_pb_row admin_label=\u00bbrow\u00bb background_position=\u00bbtop_left\u00bb background_repeat=\u00bbrepeat\u00bb background_size=\u00bbinitial\u00bb][et_pb_column type=\u00bb4_4&#8243;][et_pb_text _builder_version=\u00bb3.0.78&#8243; background_layout=\u00bblight\u00bb border_style=\u00bbsolid\u00bb module_alignment=\u00bbleft\u00bb]<\/p>\n<div>\n<p>1. CLUB DE GOLF CAMPOMAR, en cumplimiento de la Ley 34\/2002 de 11 de Julio, de servicios de la sociedad de la informaci\u00f3n y de comercio electr\u00f3nico, le informa que:<\/p>\n<blockquote>\n<ul>\n<li>Su denominaci\u00f3n social es CLUB DE GOLF CAMPOMAR<\/li>\n<li>Su C.I.F. es G15071087.<\/li>\n<li>Su domicilio social est\u00e1 en LG. VILACORNELLE S\/N 15541 O VAL NARON .<\/li>\n<li>Para comunicarse con nosotros ponemos a su disposici\u00f3n diferentes medios de contacto que encontrar\u00e1 en la secci\u00f3n \u201cContacto\u201d.<\/li>\n<\/ul>\n<\/blockquote>\n<p>2. Le informamos que el sitio web www.clubcampomar.com tiene por objeto facilitar al p\u00fablico, en general, del conocimiento de las actividades que este club realiza y de los servicios que presta.<\/p>\n<p>LOPD<\/p>\n<p>Todos los datos personales que sean facilitados por usuarios de la p\u00e1gina web www.golfcampomar.es ser\u00e1n inclu\u00eddos en funci\u00f3n de la naturaleza de la petici\u00f3n de informaci\u00f3n en los ficheros Cientes y Proveedores, Curr\u00edculum Vitae, que figuran inscritos a nombre de CLUB DE GOLF CAMPOMAR ante la Agencia Espa\u00f1ola de Protecci\u00f3n de Datos.<\/p>\n<p>De acuerdo con lo establecido en la Ley Org\u00e1nica 15\/1999, de 13 de Diciembre, de Protecci\u00f3n de Datos de Car\u00e1cter Personal, el usuario otorga el consentimiento expreso, libre y de forma inequ\u00edvoca para que sus datos de car\u00e1cter personal sean inclu\u00eddos en el correspondiente fichero automatizado que corresponda seg\u00fan la naturaleza de la petici\u00f3n, con la finalidad de ser empleados para los fines propios de la gesti\u00f3n de Clientes, Proveedores, Curriculum vitae.<\/p>\n<p>Los presentes ficheros son titularidad de CLUB DE GOLF CAMPOMAR con domicilio en LG. VILACORNELLE S\/N 15541 O VAL NARON . Correo electr\u00f3nico: <span id=\"cloak41398\"><a href=\"mailto:gerenciacampomar@gmail.com\">gerenciacampomar@gmail.com<\/a><\/span><\/p>\n<p>En cualquier momento el usuario podr\u00e1 ejercitar sus derechos de acceso, rectificaci\u00f3n, oposici\u00f3n y cancelaci\u00f3n de sus datos de car\u00e1cter personal, remitiendo un correo electr\u00f3nico a la direcci\u00f3n <span id=\"cloak51504\" style=\"color: #ff0000;\"><a href=\"mailto:gerenciacampomar@gmail.com\">gerenciacampomar@gmail.com<\/a><\/span>, indicando por escrito su petici\u00f3n y adjuntando copia de su DNI, o bien por correo postal a la direcci\u00f3n antes mencionada.<\/p>\n<\/div>\n<p>[\/et_pb_text][\/et_pb_column][\/et_pb_row][\/et_pb_section]<\/p>\n","protected":false},"excerpt":{"rendered":"<p>1. CLUB DE GOLF CAMPOMAR, en cumplimiento de la Ley 34\/2002 de 11 de Julio, de servicios de la sociedad de la informaci\u00f3n y de comercio electr\u00f3nico, le informa que: Su denominaci\u00f3n social es CLUB DE GOLF CAMPOMAR Su C.I.F. es G15071087. Su domicilio social est\u00e1 en LG. VILACORNELLE S\/N 15541 O VAL NARON . [&hellip;]<\/p>\n","protected":false},"author":1,"featured_media":0,"parent":0,"menu_order":0,"comment_status":"closed","ping_status":"closed","template":"","meta":{"_et_pb_use_builder":"on","_et_pb_old_content":"","_et_gb_content_width":"","inline_featured_image":false,"footnotes":""},"class_list":["post-55","page","type-page","status-publish","hentry"],"yoast_head":"<!-- This site is optimized with the Yoast SEO plugin v27.4 - https:\/\/yoast.com\/product\/yoast-seo-wordpress\/ -->\n<title>Aviso Legal - Club de Golf Campomar<\/title>\n<meta name=\"robots\" content=\"index, follow, max-snippet:-1, max-image-preview:large, max-video-preview:-1\" \/>\n<link rel=\"canonical\" href=\"https:\/\/www.clubcampomar.com\/index.php\/aviso-legal\/\" \/>\n<meta property=\"og:locale\" content=\"es_ES\" \/>\n<meta property=\"og:type\" content=\"article\" \/>\n<meta property=\"og:title\" content=\"Aviso Legal - Club de Golf Campomar\" \/>\n<meta property=\"og:description\" content=\"1. CLUB DE GOLF CAMPOMAR, en cumplimiento de la Ley 34\/2002 de 11 de Julio, de servicios de la sociedad de la informaci\u00f3n y de comercio electr\u00f3nico, le informa que: Su denominaci\u00f3n social es CLUB DE GOLF CAMPOMAR Su C.I.F. es G15071087. Su domicilio social est\u00e1 en LG. VILACORNELLE S\/N 15541 O VAL NARON . [&hellip;]\" \/>\n<meta property=\"og:url\" content=\"https:\/\/www.clubcampomar.com\/index.php\/aviso-legal\/\" \/>\n<meta property=\"og:site_name\" content=\"Club de Golf Campomar\" \/>\n<meta property=\"article:publisher\" content=\"https:\/\/www.facebook.com\/pages\/Club-de-Golf-Campomar\/567055693465437\" \/>\n<meta property=\"article:modified_time\" content=\"2017-10-16T07:12:05+00:00\" \/>\n<meta name=\"twitter:card\" content=\"summary_large_image\" \/>\n<meta name=\"twitter:label1\" content=\"Tiempo de lectura\" \/>\n\t<meta name=\"twitter:data1\" content=\"2 minutos\" \/>\n<script type=\"application\/ld+json\" class=\"yoast-schema-graph\">{\"@context\":\"https:\\\/\\\/schema.org\",\"@graph\":[{\"@type\":\"WebPage\",\"@id\":\"https:\\\/\\\/www.clubcampomar.com\\\/index.php\\\/aviso-legal\\\/\",\"url\":\"https:\\\/\\\/www.clubcampomar.com\\\/index.php\\\/aviso-legal\\\/\",\"name\":\"Aviso Legal - Club de Golf Campomar\",\"isPartOf\":{\"@id\":\"https:\\\/\\\/www.clubcampomar.com\\\/#website\"},\"datePublished\":\"2017-06-08T10:36:37+00:00\",\"dateModified\":\"2017-10-16T07:12:05+00:00\",\"breadcrumb\":{\"@id\":\"https:\\\/\\\/www.clubcampomar.com\\\/index.php\\\/aviso-legal\\\/#breadcrumb\"},\"inLanguage\":\"es\",\"potentialAction\":[{\"@type\":\"ReadAction\",\"target\":[\"https:\\\/\\\/www.clubcampomar.com\\\/index.php\\\/aviso-legal\\\/\"]}]},{\"@type\":\"BreadcrumbList\",\"@id\":\"https:\\\/\\\/www.clubcampomar.com\\\/index.php\\\/aviso-legal\\\/#breadcrumb\",\"itemListElement\":[{\"@type\":\"ListItem\",\"position\":1,\"name\":\"Portada\",\"item\":\"https:\\\/\\\/www.clubcampomar.com\\\/\"},{\"@type\":\"ListItem\",\"position\":2,\"name\":\"Aviso Legal\"}]},{\"@type\":\"WebSite\",\"@id\":\"https:\\\/\\\/www.clubcampomar.com\\\/#website\",\"url\":\"https:\\\/\\\/www.clubcampomar.com\\\/\",\"name\":\"Club de Golf Campomar\",\"description\":\"El Campo de golf se encuentra en la provincia de A Coru\u00f1a, municipio de Nar\u00f3n,parroquia de O Val, a tan solo 5Km del centro de Ferrol\",\"publisher\":{\"@id\":\"https:\\\/\\\/www.clubcampomar.com\\\/#organization\"},\"alternateName\":\"Campomar Golf\",\"potentialAction\":[{\"@type\":\"SearchAction\",\"target\":{\"@type\":\"EntryPoint\",\"urlTemplate\":\"https:\\\/\\\/www.clubcampomar.com\\\/?s={search_term_string}\"},\"query-input\":{\"@type\":\"PropertyValueSpecification\",\"valueRequired\":true,\"valueName\":\"search_term_string\"}}],\"inLanguage\":\"es\"},{\"@type\":\"Organization\",\"@id\":\"https:\\\/\\\/www.clubcampomar.com\\\/#organization\",\"name\":\"Club de Golf Campomar\",\"url\":\"https:\\\/\\\/www.clubcampomar.com\\\/\",\"logo\":{\"@type\":\"ImageObject\",\"inLanguage\":\"es\",\"@id\":\"https:\\\/\\\/www.clubcampomar.com\\\/#\\\/schema\\\/logo\\\/image\\\/\",\"url\":\"https:\\\/\\\/www.clubcampomar.com\\\/wp-content\\\/uploads\\\/2017\\\/08\\\/Logo_campomargolf.svg\",\"contentUrl\":\"https:\\\/\\\/www.clubcampomar.com\\\/wp-content\\\/uploads\\\/2017\\\/08\\\/Logo_campomargolf.svg\",\"width\":1,\"height\":1,\"caption\":\"Club de Golf Campomar\"},\"image\":{\"@id\":\"https:\\\/\\\/www.clubcampomar.com\\\/#\\\/schema\\\/logo\\\/image\\\/\"},\"sameAs\":[\"https:\\\/\\\/www.facebook.com\\\/pages\\\/Club-de-Golf-Campomar\\\/567055693465437\",\"https:\\\/\\\/www.instagram.com\\\/golfcampomar\\\/\"]}]}<\/script>\n<!-- \/ Yoast SEO plugin. -->","yoast_head_json":{"title":"Aviso Legal - Club de Golf Campomar","robots":{"index":"index","follow":"follow","max-snippet":"max-snippet:-1","max-image-preview":"max-image-preview:large","max-video-preview":"max-video-preview:-1"},"canonical":"https:\/\/www.clubcampomar.com\/index.php\/aviso-legal\/","og_locale":"es_ES","og_type":"article","og_title":"Aviso Legal - Club de Golf Campomar","og_description":"1. CLUB DE GOLF CAMPOMAR, en cumplimiento de la Ley 34\/2002 de 11 de Julio, de servicios de la sociedad de la informaci\u00f3n y de comercio electr\u00f3nico, le informa que: Su denominaci\u00f3n social es CLUB DE GOLF CAMPOMAR Su C.I.F. es G15071087. Su domicilio social est\u00e1 en LG. VILACORNELLE S\/N 15541 O VAL NARON . [&hellip;]","og_url":"https:\/\/www.clubcampomar.com\/index.php\/aviso-legal\/","og_site_name":"Club de Golf Campomar","article_publisher":"https:\/\/www.facebook.com\/pages\/Club-de-Golf-Campomar\/567055693465437","article_modified_time":"2017-10-16T07:12:05+00:00","twitter_card":"summary_large_image","twitter_misc":{"Tiempo de lectura":"2 minutos"},"schema":{"@context":"https:\/\/schema.org","@graph":[{"@type":"WebPage","@id":"https:\/\/www.clubcampomar.com\/index.php\/aviso-legal\/","url":"https:\/\/www.clubcampomar.com\/index.php\/aviso-legal\/","name":"Aviso Legal - Club de Golf Campomar","isPartOf":{"@id":"https:\/\/www.clubcampomar.com\/#website"},"datePublished":"2017-06-08T10:36:37+00:00","dateModified":"2017-10-16T07:12:05+00:00","breadcrumb":{"@id":"https:\/\/www.clubcampomar.com\/index.php\/aviso-legal\/#breadcrumb"},"inLanguage":"es","potentialAction":[{"@type":"ReadAction","target":["https:\/\/www.clubcampomar.com\/index.php\/aviso-legal\/"]}]},{"@type":"BreadcrumbList","@id":"https:\/\/www.clubcampomar.com\/index.php\/aviso-legal\/#breadcrumb","itemListElement":[{"@type":"ListItem","position":1,"name":"Portada","item":"https:\/\/www.clubcampomar.com\/"},{"@type":"ListItem","position":2,"name":"Aviso Legal"}]},{"@type":"WebSite","@id":"https:\/\/www.clubcampomar.com\/#website","url":"https:\/\/www.clubcampomar.com\/","name":"Club de Golf Campomar","description":"El Campo de golf se encuentra en la provincia de A Coru\u00f1a, municipio de Nar\u00f3n,parroquia de O Val, a tan solo 5Km del centro de Ferrol","publisher":{"@id":"https:\/\/www.clubcampomar.com\/#organization"},"alternateName":"Campomar Golf","potentialAction":[{"@type":"SearchAction","target":{"@type":"EntryPoint","urlTemplate":"https:\/\/www.clubcampomar.com\/?s={search_term_string}"},"query-input":{"@type":"PropertyValueSpecification","valueRequired":true,"valueName":"search_term_string"}}],"inLanguage":"es"},{"@type":"Organization","@id":"https:\/\/www.clubcampomar.com\/#organization","name":"Club de Golf Campomar","url":"https:\/\/www.clubcampomar.com\/","logo":{"@type":"ImageObject","inLanguage":"es","@id":"https:\/\/www.clubcampomar.com\/#\/schema\/logo\/image\/","url":"https:\/\/www.clubcampomar.com\/wp-content\/uploads\/2017\/08\/Logo_campomargolf.svg","contentUrl":"https:\/\/www.clubcampomar.com\/wp-content\/uploads\/2017\/08\/Logo_campomargolf.svg","width":1,"height":1,"caption":"Club de Golf Campomar"},"image":{"@id":"https:\/\/www.clubcampomar.com\/#\/schema\/logo\/image\/"},"sameAs":["https:\/\/www.facebook.com\/pages\/Club-de-Golf-Campomar\/567055693465437","https:\/\/www.instagram.com\/golfcampomar\/"]}]}},"_links":{"self":[{"href":"https:\/\/www.clubcampomar.com\/index.php\/wp-json\/wp\/v2\/pages\/55","targetHints":{"allow":["GET"]}}],"collection":[{"href":"https:\/\/www.clubcampomar.com\/index.php\/wp-json\/wp\/v2\/pages"}],"about":[{"href":"https:\/\/www.clubcampomar.com\/index.php\/wp-json\/wp\/v2\/types\/page"}],"author":[{"embeddable":true,"href":"https:\/\/www.clubcampomar.com\/index.php\/wp-json\/wp\/v2\/users\/1"}],"replies":[{"embeddable":true,"href":"https:\/\/www.clubcampomar.com\/index.php\/wp-json\/wp\/v2\/comments?post=55"}],"version-history":[{"count":0,"href":"https:\/\/www.clubcampomar.com\/index.php\/wp-json\/wp\/v2\/pages\/55\/revisions"}],"wp:attachment":[{"href":"https:\/\/www.clubcampomar.com\/index.php\/wp-json\/wp\/v2\/media?parent=55"}],"curies":[{"name":"wp","href":"https:\/\/api.w.org\/{rel}","templated":true}]}}