{"id":8155,"date":"2023-04-27T15:45:49","date_gmt":"2023-04-27T13:45:49","guid":{"rendered":"http:\/\/www.clubcampomar.com\/?page_id=8155"},"modified":"2025-03-14T11:44:09","modified_gmt":"2025-03-14T10:44:09","slug":"contacto-g","status":"publish","type":"page","link":"https:\/\/www.clubcampomar.com\/index.php\/gl\/contacto-g\/","title":{"rendered":"Contacto"},"content":{"rendered":"<p>[et_pb_section fb_built=\u00bb1&#8243; fullwidth=\u00bbon\u00bb _builder_version=\u00bb4.16&#8243; global_colors_info=\u00bb{}\u00bb][et_pb_fullwidth_map address=\u00bbCalle Vilacornelle, O Val, 15541 Nar\u00f3n, A Coru\u00f1a, Espa\u00f1a\u00bb zoom_level=\u00bb17&#8243; address_lat=\u00bb43.55937954004223&#8243; address_lng=\u00bb-8.211957355819655&#8243; _builder_version=\u00bb4.16&#8243; global_colors_info=\u00bb{}\u00bb][\/et_pb_fullwidth_map][\/et_pb_section][et_pb_section fb_built=\u00bb1&#8243; _builder_version=\u00bb4.16&#8243; global_colors_info=\u00bb{}\u00bb][et_pb_row _builder_version=\u00bb4.20.4&#8243; _module_preset=\u00bbdefault\u00bb global_colors_info=\u00bb{}\u00bb][et_pb_column type=\u00bb4_4&#8243; _builder_version=\u00bb4.20.4&#8243; _module_preset=\u00bbdefault\u00bb global_colors_info=\u00bb{}\u00bb][et_pb_divider show_divider=\u00bboff\u00bb _builder_version=\u00bb4.20.4&#8243; _module_preset=\u00bbdefault\u00bb global_colors_info=\u00bb{}\u00bb][\/et_pb_divider][\/et_pb_column][\/et_pb_row][et_pb_row column_structure=\u00bb1_2,1_2&#8243; disabled_on=\u00bbon|on|on\u00bb _builder_version=\u00bb4.16&#8243; background_size=\u00bbinitial\u00bb background_position=\u00bbtop_left\u00bb background_repeat=\u00bbrepeat\u00bb disabled=\u00bbon\u00bb global_colors_info=\u00bb{}\u00bb][et_pb_column type=\u00bb1_2&#8243; _builder_version=\u00bb4.16&#8243; custom_padding=\u00bb|||\u00bb global_colors_info=\u00bb{}\u00bb custom_padding__hover=\u00bb|||\u00bb][et_pb_text _builder_version=\u00bb4.27.4&#8243; text_font_size=\u00bb17px\u00bb border_style=\u00bbsolid\u00bb global_colors_info=\u00bb{}\u00bb]<\/p>\n<p><strong>Direcci\u00f3n:<\/strong><\/p>\n<p><i class=\"fa fa-globe\" aria-hidden=\"true\"><\/i> Lugar Vilacornelle sn, O Val<br \/>15541 Nar\u00f3n A Coru\u00f1a<\/p>\n<p><i class=\"fa fa-map-marker\" aria-hidden=\"true\"><\/i> Lat: 43\u00ba 33\u2019 35\u201d \/ Lon: -8\u00ba 12\u2019 42\u201d<\/p>\n<p>[\/et_pb_text][\/et_pb_column][et_pb_column type=\u00bb1_2&#8243; _builder_version=\u00bb4.16&#8243; custom_padding=\u00bb|||\u00bb global_colors_info=\u00bb{}\u00bb custom_padding__hover=\u00bb|||\u00bb][et_pb_text _builder_version=\u00bb4.27.4&#8243; text_font_size=\u00bb17px\u00bb border_style=\u00bbsolid\u00bb global_colors_info=\u00bb{}\u00bb]<\/p>\n<p><strong>Contacto:<\/strong><\/p>\n<p>(+34)\u00a0 <a href=\"tel:663123398\">663123398<\/a><\/p>\n<p><i class=\"fa fa-envelope\" aria-hidden=\"true\"><\/i> gerenciacampomar@gmail.com<\/p>\n<p>[\/et_pb_text][\/et_pb_column][\/et_pb_row][et_pb_row column_structure=\u00bb2_3,1_3&#8243; disabled_on=\u00bboff|off|off\u00bb _builder_version=\u00bb4.16&#8243; background_size=\u00bbinitial\u00bb background_position=\u00bbtop_left\u00bb background_repeat=\u00bbrepeat\u00bb global_colors_info=\u00bb{}\u00bb][et_pb_column type=\u00bb2_3&#8243; _builder_version=\u00bb4.16&#8243; custom_padding=\u00bb|||\u00bb global_colors_info=\u00bb{}\u00bb custom_padding__hover=\u00bb|||\u00bb][et_pb_contact_form email=\u00bbgerenciacampomar@gmail.com\u00bb title=\u00bbFormulario de contacto\u00bb success_message=\u00bbGracias por contactar con nosotros. En breve recibir\u00e1 una respuesta\u00bb disabled_on=\u00bbon|on|on\u00bb _builder_version=\u00bb4.16&#8243; _unique_id=\u00bba42fb7fa-afab-4247-b732-db0024cabda5&#8243; border_radii=\u00bbon|0px|0px|0px|0px\u00bb border_style=\u00bbsolid\u00bb input_border_radius=\u00bb0&#8243; disabled=\u00bbon\u00bb global_colors_info=\u00bb{}\u00bb][et_pb_contact_field field_id=\u00bbName\u00bb field_title=\u00bbNombre\u00bb _builder_version=\u00bb4.16&#8243; global_colors_info=\u00bb{}\u00bb button_text_size__hover_enabled=\u00bboff\u00bb button_one_text_size__hover_enabled=\u00bboff\u00bb button_two_text_size__hover_enabled=\u00bboff\u00bb button_text_color__hover_enabled=\u00bboff\u00bb button_one_text_color__hover_enabled=\u00bboff\u00bb button_two_text_color__hover_enabled=\u00bboff\u00bb button_border_width__hover_enabled=\u00bboff\u00bb button_one_border_width__hover_enabled=\u00bboff\u00bb button_two_border_width__hover_enabled=\u00bboff\u00bb button_border_color__hover_enabled=\u00bboff\u00bb button_one_border_color__hover_enabled=\u00bboff\u00bb button_two_border_color__hover_enabled=\u00bboff\u00bb button_border_radius__hover_enabled=\u00bboff\u00bb button_one_border_radius__hover_enabled=\u00bboff\u00bb button_two_border_radius__hover_enabled=\u00bboff\u00bb button_letter_spacing__hover_enabled=\u00bboff\u00bb button_one_letter_spacing__hover_enabled=\u00bboff\u00bb button_two_letter_spacing__hover_enabled=\u00bboff\u00bb button_bg_color__hover_enabled=\u00bboff\u00bb button_one_bg_color__hover_enabled=\u00bboff\u00bb button_two_bg_color__hover_enabled=\u00bboff\u00bb][\/et_pb_contact_field][et_pb_contact_field field_id=\u00bbEmail\u00bb field_title=\u00bbDirecci\u00f3n de correo electr\u00f3nico\u00bb field_type=\u00bbemail\u00bb _builder_version=\u00bb4.16&#8243; global_colors_info=\u00bb{}\u00bb button_text_size__hover_enabled=\u00bboff\u00bb button_one_text_size__hover_enabled=\u00bboff\u00bb button_two_text_size__hover_enabled=\u00bboff\u00bb button_text_color__hover_enabled=\u00bboff\u00bb button_one_text_color__hover_enabled=\u00bboff\u00bb button_two_text_color__hover_enabled=\u00bboff\u00bb button_border_width__hover_enabled=\u00bboff\u00bb button_one_border_width__hover_enabled=\u00bboff\u00bb button_two_border_width__hover_enabled=\u00bboff\u00bb button_border_color__hover_enabled=\u00bboff\u00bb button_one_border_color__hover_enabled=\u00bboff\u00bb button_two_border_color__hover_enabled=\u00bboff\u00bb button_border_radius__hover_enabled=\u00bboff\u00bb button_one_border_radius__hover_enabled=\u00bboff\u00bb button_two_border_radius__hover_enabled=\u00bboff\u00bb button_letter_spacing__hover_enabled=\u00bboff\u00bb button_one_letter_spacing__hover_enabled=\u00bboff\u00bb button_two_letter_spacing__hover_enabled=\u00bboff\u00bb button_bg_color__hover_enabled=\u00bboff\u00bb button_one_bg_color__hover_enabled=\u00bboff\u00bb button_two_bg_color__hover_enabled=\u00bboff\u00bb][\/et_pb_contact_field][et_pb_contact_field field_id=\u00bbMessage\u00bb field_title=\u00bbMensaje\u00bb field_type=\u00bbtext\u00bb fullwidth_field=\u00bbon\u00bb _builder_version=\u00bb4.16&#8243; global_colors_info=\u00bb{}\u00bb button_text_size__hover_enabled=\u00bboff\u00bb button_one_text_size__hover_enabled=\u00bboff\u00bb button_two_text_size__hover_enabled=\u00bboff\u00bb button_text_color__hover_enabled=\u00bboff\u00bb button_one_text_color__hover_enabled=\u00bboff\u00bb button_two_text_color__hover_enabled=\u00bboff\u00bb button_border_width__hover_enabled=\u00bboff\u00bb button_one_border_width__hover_enabled=\u00bboff\u00bb button_two_border_width__hover_enabled=\u00bboff\u00bb button_border_color__hover_enabled=\u00bboff\u00bb button_one_border_color__hover_enabled=\u00bboff\u00bb button_two_border_color__hover_enabled=\u00bboff\u00bb button_border_radius__hover_enabled=\u00bboff\u00bb button_one_border_radius__hover_enabled=\u00bboff\u00bb button_two_border_radius__hover_enabled=\u00bboff\u00bb button_letter_spacing__hover_enabled=\u00bboff\u00bb button_one_letter_spacing__hover_enabled=\u00bboff\u00bb button_two_letter_spacing__hover_enabled=\u00bboff\u00bb button_bg_color__hover_enabled=\u00bboff\u00bb button_one_bg_color__hover_enabled=\u00bboff\u00bb button_two_bg_color__hover_enabled=\u00bboff\u00bb][\/et_pb_contact_field][\/et_pb_contact_form][et_pb_contact_form email=\u00bbgerenciacampomar@gmail.com\u00bb title=\u00bbFormulario de contacto\u00bb success_message=\u00bbGrazas por contactar con nos. En breve recibir\u00e1 unha resposta\u00bb submit_button_text=\u00bbEnviar\u00bb admin_label=\u00bbcontacto g\u00bb _builder_version=\u00bb4.27.4&#8243; _unique_id=\u00bba42fb7fa-afab-4247-b732-db0024cabda5&#8243; hover_enabled=\u00bb0&#8243; border_radii=\u00bbon|0px|0px|0px|0px\u00bb border_style=\u00bbsolid\u00bb input_border_radius=\u00bb0&#8243; global_colors_info=\u00bb{}\u00bb sticky_enabled=\u00bb0&#8243;][et_pb_contact_field field_id=\u00bbName\u00bb field_title=\u00bbNome\u00bb _builder_version=\u00bb4.20.4&#8243; global_colors_info=\u00bb{}\u00bb button_text_size__hover_enabled=\u00bboff\u00bb button_one_text_size__hover_enabled=\u00bboff\u00bb button_two_text_size__hover_enabled=\u00bboff\u00bb button_text_color__hover_enabled=\u00bboff\u00bb button_one_text_color__hover_enabled=\u00bboff\u00bb button_two_text_color__hover_enabled=\u00bboff\u00bb button_border_width__hover_enabled=\u00bboff\u00bb button_one_border_width__hover_enabled=\u00bboff\u00bb button_two_border_width__hover_enabled=\u00bboff\u00bb button_border_color__hover_enabled=\u00bboff\u00bb button_one_border_color__hover_enabled=\u00bboff\u00bb button_two_border_color__hover_enabled=\u00bboff\u00bb button_border_radius__hover_enabled=\u00bboff\u00bb button_one_border_radius__hover_enabled=\u00bboff\u00bb button_two_border_radius__hover_enabled=\u00bboff\u00bb button_letter_spacing__hover_enabled=\u00bboff\u00bb button_one_letter_spacing__hover_enabled=\u00bboff\u00bb button_two_letter_spacing__hover_enabled=\u00bboff\u00bb button_bg_color__hover_enabled=\u00bboff\u00bb button_one_bg_color__hover_enabled=\u00bboff\u00bb button_two_bg_color__hover_enabled=\u00bboff\u00bb][\/et_pb_contact_field][et_pb_contact_field field_id=\u00bbEmail\u00bb field_title=\u00bbDirecci\u00f3n de correo electr\u00f3nico\u00bb field_type=\u00bbemail\u00bb _builder_version=\u00bb4.20.4&#8243; global_colors_info=\u00bb{}\u00bb button_text_size__hover_enabled=\u00bboff\u00bb button_one_text_size__hover_enabled=\u00bboff\u00bb button_two_text_size__hover_enabled=\u00bboff\u00bb button_text_color__hover_enabled=\u00bboff\u00bb button_one_text_color__hover_enabled=\u00bboff\u00bb button_two_text_color__hover_enabled=\u00bboff\u00bb button_border_width__hover_enabled=\u00bboff\u00bb button_one_border_width__hover_enabled=\u00bboff\u00bb button_two_border_width__hover_enabled=\u00bboff\u00bb button_border_color__hover_enabled=\u00bboff\u00bb button_one_border_color__hover_enabled=\u00bboff\u00bb button_two_border_color__hover_enabled=\u00bboff\u00bb button_border_radius__hover_enabled=\u00bboff\u00bb button_one_border_radius__hover_enabled=\u00bboff\u00bb button_two_border_radius__hover_enabled=\u00bboff\u00bb button_letter_spacing__hover_enabled=\u00bboff\u00bb button_one_letter_spacing__hover_enabled=\u00bboff\u00bb button_two_letter_spacing__hover_enabled=\u00bboff\u00bb button_bg_color__hover_enabled=\u00bboff\u00bb button_one_bg_color__hover_enabled=\u00bboff\u00bb button_two_bg_color__hover_enabled=\u00bboff\u00bb][\/et_pb_contact_field][et_pb_contact_field field_id=\u00bbMessage\u00bb field_title=\u00bbMensaxe\u00bb field_type=\u00bbtext\u00bb fullwidth_field=\u00bbon\u00bb _builder_version=\u00bb4.20.4&#8243; global_colors_info=\u00bb{}\u00bb button_text_size__hover_enabled=\u00bboff\u00bb button_one_text_size__hover_enabled=\u00bboff\u00bb button_two_text_size__hover_enabled=\u00bboff\u00bb button_text_color__hover_enabled=\u00bboff\u00bb button_one_text_color__hover_enabled=\u00bboff\u00bb button_two_text_color__hover_enabled=\u00bboff\u00bb button_border_width__hover_enabled=\u00bboff\u00bb button_one_border_width__hover_enabled=\u00bboff\u00bb button_two_border_width__hover_enabled=\u00bboff\u00bb button_border_color__hover_enabled=\u00bboff\u00bb button_one_border_color__hover_enabled=\u00bboff\u00bb button_two_border_color__hover_enabled=\u00bboff\u00bb button_border_radius__hover_enabled=\u00bboff\u00bb button_one_border_radius__hover_enabled=\u00bboff\u00bb button_two_border_radius__hover_enabled=\u00bboff\u00bb button_letter_spacing__hover_enabled=\u00bboff\u00bb button_one_letter_spacing__hover_enabled=\u00bboff\u00bb button_two_letter_spacing__hover_enabled=\u00bboff\u00bb button_bg_color__hover_enabled=\u00bboff\u00bb button_one_bg_color__hover_enabled=\u00bboff\u00bb button_two_bg_color__hover_enabled=\u00bboff\u00bb][\/et_pb_contact_field][\/et_pb_contact_form][\/et_pb_column][et_pb_column type=\u00bb1_3&#8243; _builder_version=\u00bb4.16&#8243; custom_padding=\u00bb|||\u00bb global_colors_info=\u00bb{}\u00bb custom_padding__hover=\u00bb|||\u00bb][et_pb_text _builder_version=\u00bb4.27.4&#8243; border_style=\u00bbsolid\u00bb global_colors_info=\u00bb{}\u00bb]<\/p>\n<p><strong>Direcci\u00f3n:<\/strong><\/p>\n<p><i class=\"fa fa-globe\" aria-hidden=\"true\"><\/i> Lugar Vilacornelle sn, O Val<br \/>15541 Nar\u00f3n A Coru\u00f1a<\/p>\n<p><i class=\"fa fa-map-marker\" aria-hidden=\"true\"><\/i> Lat: 43\u00ba 33\u2019 35\u201d \/ Lon: -8\u00ba 12\u2019 42\u201d<\/p>\n<p>(+34)\u00a0 <a href=\"tel:663123398\">663123398<\/a><\/p>\n<p><i class=\"fa fa-envelope\" aria-hidden=\"true\"><\/i> gerenciacampomar@gmail.com<\/p>\n<p>[\/et_pb_text][\/et_pb_column][\/et_pb_row][et_pb_row _builder_version=\u00bb4.20.4&#8243; _module_preset=\u00bbdefault\u00bb global_colors_info=\u00bb{}\u00bb][et_pb_column type=\u00bb4_4&#8243; _builder_version=\u00bb4.20.4&#8243; _module_preset=\u00bbdefault\u00bb global_colors_info=\u00bb{}\u00bb][et_pb_divider show_divider=\u00bboff\u00bb _builder_version=\u00bb4.20.4&#8243; _module_preset=\u00bbdefault\u00bb global_colors_info=\u00bb{}\u00bb][\/et_pb_divider][\/et_pb_column][\/et_pb_row][\/et_pb_section]<\/p>\n","protected":false},"excerpt":{"rendered":"<p>Direcci\u00f3n: Lugar Vilacornelle sn, O Val15541 Nar\u00f3n A Coru\u00f1a Lat: 43\u00ba 33\u2019 35\u201d \/ Lon: -8\u00ba 12\u2019 42\u201dContacto: (+34)\u00a0 663123398 gerenciacampomar@gmail.comDirecci\u00f3n: Lugar Vilacornelle sn, O Val15541 Nar\u00f3n A Coru\u00f1a Lat: 43\u00ba 33\u2019 35\u201d \/ Lon: -8\u00ba 12\u2019 42\u201d (+34)\u00a0 663123398 gerenciacampomar@gmail.com<\/p>\n","protected":false},"author":1,"featured_media":0,"parent":0,"menu_order":0,"comment_status":"closed","ping_status":"closed","template":"","meta":{"_et_pb_use_builder":"on","_et_pb_old_content":"","_et_gb_content_width":"","inline_featured_image":false,"footnotes":""},"class_list":["post-8155","page","type-page","status-publish","hentry"],"yoast_head":"<!-- This site is optimized with the Yoast SEO plugin v27.4 - https:\/\/yoast.com\/product\/yoast-seo-wordpress\/ -->\n<title>Contacto - Club de golf Campomar - O Val, Nar\u00f3n. A Coru\u00f1a.<\/title>\n<meta name=\"description\" content=\"Lg Vlacornelle sn, O Val 15541 Nar\u00f3n A Coru\u00f1a Tfno: 663123398 gerenciacampomar@gmail.com Lat: 43\u00ba 33\u2019 35\u201d \/ Lon: -8\u00ba 12\u2019 42\u201d. Ferrol\" \/>\n<meta name=\"robots\" content=\"index, follow, max-snippet:-1, max-image-preview:large, max-video-preview:-1\" \/>\n<link rel=\"canonical\" href=\"https:\/\/www.clubcampomar.com\/index.php\/gl\/contacto-g\/\" \/>\n<meta property=\"og:locale\" content=\"es_ES\" \/>\n<meta property=\"og:type\" content=\"article\" \/>\n<meta property=\"og:title\" content=\"Contacto - Club de golf Campomar - O Val, Nar\u00f3n. A Coru\u00f1a.\" \/>\n<meta property=\"og:description\" content=\"Lg Vlacornelle sn, O Val 15541 Nar\u00f3n A Coru\u00f1a Tfno: 663123398 gerenciacampomar@gmail.com Lat: 43\u00ba 33\u2019 35\u201d \/ Lon: -8\u00ba 12\u2019 42\u201d. Ferrol\" \/>\n<meta property=\"og:url\" content=\"https:\/\/www.clubcampomar.com\/index.php\/gl\/contacto-g\/\" \/>\n<meta property=\"og:site_name\" content=\"Club de Golf Campomar\" \/>\n<meta property=\"article:publisher\" content=\"https:\/\/www.facebook.com\/pages\/Club-de-Golf-Campomar\/567055693465437\" \/>\n<meta property=\"article:modified_time\" content=\"2025-03-14T10:44:09+00:00\" \/>\n<meta name=\"twitter:card\" content=\"summary_large_image\" \/>\n<meta name=\"twitter:label1\" content=\"Tiempo de lectura\" \/>\n\t<meta name=\"twitter:data1\" content=\"1 minuto\" \/>\n<script type=\"application\/ld+json\" class=\"yoast-schema-graph\">{\"@context\":\"https:\\\/\\\/schema.org\",\"@graph\":[{\"@type\":\"WebPage\",\"@id\":\"https:\\\/\\\/www.clubcampomar.com\\\/index.php\\\/gl\\\/contacto-g\\\/\",\"url\":\"https:\\\/\\\/www.clubcampomar.com\\\/index.php\\\/gl\\\/contacto-g\\\/\",\"name\":\"Contacto - Club de golf Campomar - O Val, Nar\u00f3n. A Coru\u00f1a.\",\"isPartOf\":{\"@id\":\"https:\\\/\\\/www.clubcampomar.com\\\/#website\"},\"datePublished\":\"2023-04-27T13:45:49+00:00\",\"dateModified\":\"2025-03-14T10:44:09+00:00\",\"description\":\"Lg Vlacornelle sn, O Val 15541 Nar\u00f3n A Coru\u00f1a Tfno: 663123398 gerenciacampomar@gmail.com Lat: 43\u00ba 33\u2019 35\u201d \\\/ Lon: -8\u00ba 12\u2019 42\u201d. Ferrol\",\"breadcrumb\":{\"@id\":\"https:\\\/\\\/www.clubcampomar.com\\\/index.php\\\/gl\\\/contacto-g\\\/#breadcrumb\"},\"inLanguage\":\"es\",\"potentialAction\":[{\"@type\":\"ReadAction\",\"target\":[\"https:\\\/\\\/www.clubcampomar.com\\\/index.php\\\/gl\\\/contacto-g\\\/\"]}]},{\"@type\":\"BreadcrumbList\",\"@id\":\"https:\\\/\\\/www.clubcampomar.com\\\/index.php\\\/gl\\\/contacto-g\\\/#breadcrumb\",\"itemListElement\":[{\"@type\":\"ListItem\",\"position\":1,\"name\":\"Portada\",\"item\":\"https:\\\/\\\/www.clubcampomar.com\\\/\"},{\"@type\":\"ListItem\",\"position\":2,\"name\":\"Contacto\"}]},{\"@type\":\"WebSite\",\"@id\":\"https:\\\/\\\/www.clubcampomar.com\\\/#website\",\"url\":\"https:\\\/\\\/www.clubcampomar.com\\\/\",\"name\":\"Club de Golf Campomar\",\"description\":\"El Campo de golf se encuentra en la provincia de A Coru\u00f1a, municipio de Nar\u00f3n,parroquia de O Val, a tan solo 5Km del centro de Ferrol\",\"publisher\":{\"@id\":\"https:\\\/\\\/www.clubcampomar.com\\\/#organization\"},\"alternateName\":\"Campomar Golf\",\"potentialAction\":[{\"@type\":\"SearchAction\",\"target\":{\"@type\":\"EntryPoint\",\"urlTemplate\":\"https:\\\/\\\/www.clubcampomar.com\\\/?s={search_term_string}\"},\"query-input\":{\"@type\":\"PropertyValueSpecification\",\"valueRequired\":true,\"valueName\":\"search_term_string\"}}],\"inLanguage\":\"es\"},{\"@type\":\"Organization\",\"@id\":\"https:\\\/\\\/www.clubcampomar.com\\\/#organization\",\"name\":\"Club de Golf Campomar\",\"url\":\"https:\\\/\\\/www.clubcampomar.com\\\/\",\"logo\":{\"@type\":\"ImageObject\",\"inLanguage\":\"es\",\"@id\":\"https:\\\/\\\/www.clubcampomar.com\\\/#\\\/schema\\\/logo\\\/image\\\/\",\"url\":\"https:\\\/\\\/www.clubcampomar.com\\\/wp-content\\\/uploads\\\/2017\\\/08\\\/Logo_campomargolf.svg\",\"contentUrl\":\"https:\\\/\\\/www.clubcampomar.com\\\/wp-content\\\/uploads\\\/2017\\\/08\\\/Logo_campomargolf.svg\",\"width\":1,\"height\":1,\"caption\":\"Club de Golf Campomar\"},\"image\":{\"@id\":\"https:\\\/\\\/www.clubcampomar.com\\\/#\\\/schema\\\/logo\\\/image\\\/\"},\"sameAs\":[\"https:\\\/\\\/www.facebook.com\\\/pages\\\/Club-de-Golf-Campomar\\\/567055693465437\",\"https:\\\/\\\/www.instagram.com\\\/golfcampomar\\\/\"]}]}<\/script>\n<!-- \/ Yoast SEO plugin. -->","yoast_head_json":{"title":"Contacto - Club de golf Campomar - O Val, Nar\u00f3n. A Coru\u00f1a.","description":"Lg Vlacornelle sn, O Val 15541 Nar\u00f3n A Coru\u00f1a Tfno: 663123398 gerenciacampomar@gmail.com Lat: 43\u00ba 33\u2019 35\u201d \/ Lon: -8\u00ba 12\u2019 42\u201d. Ferrol","robots":{"index":"index","follow":"follow","max-snippet":"max-snippet:-1","max-image-preview":"max-image-preview:large","max-video-preview":"max-video-preview:-1"},"canonical":"https:\/\/www.clubcampomar.com\/index.php\/gl\/contacto-g\/","og_locale":"es_ES","og_type":"article","og_title":"Contacto - Club de golf Campomar - O Val, Nar\u00f3n. A Coru\u00f1a.","og_description":"Lg Vlacornelle sn, O Val 15541 Nar\u00f3n A Coru\u00f1a Tfno: 663123398 gerenciacampomar@gmail.com Lat: 43\u00ba 33\u2019 35\u201d \/ Lon: -8\u00ba 12\u2019 42\u201d. Ferrol","og_url":"https:\/\/www.clubcampomar.com\/index.php\/gl\/contacto-g\/","og_site_name":"Club de Golf Campomar","article_publisher":"https:\/\/www.facebook.com\/pages\/Club-de-Golf-Campomar\/567055693465437","article_modified_time":"2025-03-14T10:44:09+00:00","twitter_card":"summary_large_image","twitter_misc":{"Tiempo de lectura":"1 minuto"},"schema":{"@context":"https:\/\/schema.org","@graph":[{"@type":"WebPage","@id":"https:\/\/www.clubcampomar.com\/index.php\/gl\/contacto-g\/","url":"https:\/\/www.clubcampomar.com\/index.php\/gl\/contacto-g\/","name":"Contacto - Club de golf Campomar - O Val, Nar\u00f3n. A Coru\u00f1a.","isPartOf":{"@id":"https:\/\/www.clubcampomar.com\/#website"},"datePublished":"2023-04-27T13:45:49+00:00","dateModified":"2025-03-14T10:44:09+00:00","description":"Lg Vlacornelle sn, O Val 15541 Nar\u00f3n A Coru\u00f1a Tfno: 663123398 gerenciacampomar@gmail.com Lat: 43\u00ba 33\u2019 35\u201d \/ Lon: -8\u00ba 12\u2019 42\u201d. Ferrol","breadcrumb":{"@id":"https:\/\/www.clubcampomar.com\/index.php\/gl\/contacto-g\/#breadcrumb"},"inLanguage":"es","potentialAction":[{"@type":"ReadAction","target":["https:\/\/www.clubcampomar.com\/index.php\/gl\/contacto-g\/"]}]},{"@type":"BreadcrumbList","@id":"https:\/\/www.clubcampomar.com\/index.php\/gl\/contacto-g\/#breadcrumb","itemListElement":[{"@type":"ListItem","position":1,"name":"Portada","item":"https:\/\/www.clubcampomar.com\/"},{"@type":"ListItem","position":2,"name":"Contacto"}]},{"@type":"WebSite","@id":"https:\/\/www.clubcampomar.com\/#website","url":"https:\/\/www.clubcampomar.com\/","name":"Club de Golf Campomar","description":"El Campo de golf se encuentra en la provincia de A Coru\u00f1a, municipio de Nar\u00f3n,parroquia de O Val, a tan solo 5Km del centro de Ferrol","publisher":{"@id":"https:\/\/www.clubcampomar.com\/#organization"},"alternateName":"Campomar Golf","potentialAction":[{"@type":"SearchAction","target":{"@type":"EntryPoint","urlTemplate":"https:\/\/www.clubcampomar.com\/?s={search_term_string}"},"query-input":{"@type":"PropertyValueSpecification","valueRequired":true,"valueName":"search_term_string"}}],"inLanguage":"es"},{"@type":"Organization","@id":"https:\/\/www.clubcampomar.com\/#organization","name":"Club de Golf Campomar","url":"https:\/\/www.clubcampomar.com\/","logo":{"@type":"ImageObject","inLanguage":"es","@id":"https:\/\/www.clubcampomar.com\/#\/schema\/logo\/image\/","url":"https:\/\/www.clubcampomar.com\/wp-content\/uploads\/2017\/08\/Logo_campomargolf.svg","contentUrl":"https:\/\/www.clubcampomar.com\/wp-content\/uploads\/2017\/08\/Logo_campomargolf.svg","width":1,"height":1,"caption":"Club de Golf Campomar"},"image":{"@id":"https:\/\/www.clubcampomar.com\/#\/schema\/logo\/image\/"},"sameAs":["https:\/\/www.facebook.com\/pages\/Club-de-Golf-Campomar\/567055693465437","https:\/\/www.instagram.com\/golfcampomar\/"]}]}},"_links":{"self":[{"href":"https:\/\/www.clubcampomar.com\/index.php\/wp-json\/wp\/v2\/pages\/8155","targetHints":{"allow":["GET"]}}],"collection":[{"href":"https:\/\/www.clubcampomar.com\/index.php\/wp-json\/wp\/v2\/pages"}],"about":[{"href":"https:\/\/www.clubcampomar.com\/index.php\/wp-json\/wp\/v2\/types\/page"}],"author":[{"embeddable":true,"href":"https:\/\/www.clubcampomar.com\/index.php\/wp-json\/wp\/v2\/users\/1"}],"replies":[{"embeddable":true,"href":"https:\/\/www.clubcampomar.com\/index.php\/wp-json\/wp\/v2\/comments?post=8155"}],"version-history":[{"count":8,"href":"https:\/\/www.clubcampomar.com\/index.php\/wp-json\/wp\/v2\/pages\/8155\/revisions"}],"predecessor-version":[{"id":12259,"href":"https:\/\/www.clubcampomar.com\/index.php\/wp-json\/wp\/v2\/pages\/8155\/revisions\/12259"}],"wp:attachment":[{"href":"https:\/\/www.clubcampomar.com\/index.php\/wp-json\/wp\/v2\/media?parent=8155"}],"curies":[{"name":"wp","href":"https:\/\/api.w.org\/{rel}","templated":true}]}}